{"id":3277,"date":"2017-02-19T01:13:53","date_gmt":"2017-02-19T06:13:53","guid":{"rendered":"https:\/\/www.zencas.ca\/virtual-tour\/"},"modified":"2026-03-25T16:31:59","modified_gmt":"2026-03-25T20:31:59","slug":"virtual-tour","status":"publish","type":"page","link":"https:\/\/www.zencas.ca\/en\/virtual-tour\/","title":{"rendered":"Virtual Tour"},"content":{"rendered":"<div class=\"fusion-fullwidth fullwidth-box fusion-builder-row-1 fusion-flex-container has-pattern-background has-mask-background fusion-parallax-none nonhundred-percent-fullwidth non-hundred-percent-height-scrolling\" style=\"--awb-border-radius-top-left:0px;--awb-border-radius-top-right:0px;--awb-border-radius-bottom-right:0px;--awb-border-radius-bottom-left:0px;--awb-padding-top:80px;--awb-padding-bottom:60px;--awb-background-image:url(&quot;https:\/\/www.zencas.ca\/wp-content\/uploads\/2024\/02\/zencas-texture-velours.jpg&quot;);--awb-background-size:cover;--awb-flex-wrap:wrap;\" ><div class=\"fusion-builder-row fusion-row fusion-flex-align-items-flex-start fusion-flex-content-wrap\" style=\"max-width:1248px;margin-left: calc(-4% \/ 2 );margin-right: calc(-4% \/ 2 );\"><div class=\"fusion-layout-column fusion_builder_column fusion-builder-column-0 fusion_builder_column_1_1 1_1 fusion-flex-column fusion-flex-align-self-flex-start fusion-column-no-min-height\" style=\"--awb-bg-size:cover;--awb-width-large:100%;--awb-margin-top-large:0px;--awb-spacing-right-large:1.92%;--awb-margin-bottom-large:0px;--awb-spacing-left-large:1.92%;--awb-width-medium:100%;--awb-order-medium:0;--awb-spacing-right-medium:1.92%;--awb-spacing-left-medium:1.92%;--awb-width-small:100%;--awb-order-small:0;--awb-spacing-right-small:1.92%;--awb-spacing-left-small:1.92%;\" data-scroll-devices=\"small-visibility,medium-visibility,large-visibility\"><div class=\"fusion-column-wrapper fusion-column-has-shadow fusion-flex-justify-content-flex-start fusion-content-layout-column\"><div class=\"fusion-image-carousel fusion-image-carousel-auto fusion-image-carousel-1 lightbox-enabled awb-image-carousel-top-below-caption\"><div class=\"awb-carousel awb-swiper awb-swiper-carousel awb-carousel--carousel awb-swiper-dots-position-bottom awb-imageframe-style awb-imageframe-style-below awb-imageframe-style-1\" data-layout=\"carousel\" data-autoplay=\"no\" data-autoplayspeed=\"2500\" data-autoplaypause=\"no\" data-columns=\"3\" data-columnsmedium=\"1\" data-columnssmall=\"1\" data-itemmargin=\"13\" data-itemwidth=\"180\" data-touchscroll=\"no\" data-freemode=\"no\" data-imagesize=\"auto\" data-scrollitems=\"0\" data-scrollitems-medium=\"0\" data-scrollitems-small=\"0\" data-centeredslides=\"no\" data-rotationangle=\"50\" data-depth=\"100\" data-speed=\"500\" data-shadow=\"no\" data-pagination=\"bullets\" style=\"--awb-columns:3;--awb-caption-title-color:var(--awb-color1);--awb-caption-title-size:18px;--awb-dots-align:center;\"><div class=\"swiper-wrapper awb-image-carousel-wrapper fusion-flex-align-items-stretch\"><div class=\"swiper-slide\"><div class=\"fusion-carousel-item-wrapper\"><div class=\"fusion-image-wrapper hover-type-zoomin\"><a data-rel=\"iLightbox[image_carousel_1]\" data-title=\"Greenfield Park 1\" aria-label=\"Greenfield Park 1\" href=\"https:\/\/www.zencas.ca\/wp-content\/uploads\/2026\/03\/Greenfield-Park-1.jpeg\" target=\"_self\"><img decoding=\"async\" width=\"1938\" height=\"1334\" src=\"https:\/\/www.zencas.ca\/wp-content\/uploads\/2026\/03\/Greenfield-Park-1.jpeg\" class=\"attachment-full size-full\" alt=\"\" srcset=\"https:\/\/www.zencas.ca\/wp-content\/uploads\/2026\/03\/Greenfield-Park-1-200x138.jpeg 200w, https:\/\/www.zencas.ca\/wp-content\/uploads\/2026\/03\/Greenfield-Park-1-400x275.jpeg 400w, https:\/\/www.zencas.ca\/wp-content\/uploads\/2026\/03\/Greenfield-Park-1-600x413.jpeg 600w, https:\/\/www.zencas.ca\/wp-content\/uploads\/2026\/03\/Greenfield-Park-1-800x551.jpeg 800w, https:\/\/www.zencas.ca\/wp-content\/uploads\/2026\/03\/Greenfield-Park-1-1200x826.jpeg 1200w, https:\/\/www.zencas.ca\/wp-content\/uploads\/2026\/03\/Greenfield-Park-1.jpeg 1938w\" sizes=\"(min-width: 2200px) 100vw, (min-width: 794px) 391px, (min-width: 717px) 587px, (min-width: 640px) 717px, \" \/><\/a><\/div><div class=\"awb-imageframe-caption-container\"><div class=\"awb-imageframe-caption\"><h2 class=\"awb-imageframe-caption-title\">Greenfield Park<\/h2><\/div><\/div><\/div><\/div><div class=\"swiper-slide\"><div class=\"fusion-carousel-item-wrapper\"><div class=\"fusion-image-wrapper hover-type-zoomin\"><a data-rel=\"iLightbox[image_carousel_1]\" data-title=\"zencas-candiac-2\" aria-label=\"zencas-candiac-2\" href=\"https:\/\/www.zencas.ca\/wp-content\/uploads\/2023\/10\/zencas-candiac-2.jpg\" target=\"_self\"><img decoding=\"async\" width=\"640\" height=\"480\" src=\"https:\/\/www.zencas.ca\/wp-content\/uploads\/2023\/10\/zencas-candiac-2.jpg\" class=\"attachment-full size-full\" alt=\"\" srcset=\"https:\/\/www.zencas.ca\/wp-content\/uploads\/2023\/10\/zencas-candiac-2-200x150.jpg 200w, https:\/\/www.zencas.ca\/wp-content\/uploads\/2023\/10\/zencas-candiac-2-400x300.jpg 400w, https:\/\/www.zencas.ca\/wp-content\/uploads\/2023\/10\/zencas-candiac-2-600x450.jpg 600w, https:\/\/www.zencas.ca\/wp-content\/uploads\/2023\/10\/zencas-candiac-2.jpg 640w\" sizes=\"(min-width: 2200px) 100vw, (min-width: 794px) 391px, (min-width: 717px) 587px, (min-width: 640px) 717px, \" \/><\/a><\/div><div class=\"awb-imageframe-caption-container\"><div class=\"awb-imageframe-caption\"><h2 class=\"awb-imageframe-caption-title\">Candiac<\/h2><\/div><\/div><\/div><\/div><div class=\"swiper-slide\"><div class=\"fusion-carousel-item-wrapper\"><div class=\"fusion-image-wrapper hover-type-zoomin\"><a data-rel=\"iLightbox[image_carousel_1]\" data-title=\"zencas-candiac-1\" aria-label=\"zencas-candiac-1\" href=\"https:\/\/www.zencas.ca\/wp-content\/uploads\/2023\/10\/zencas-candiac-1.jpg\" target=\"_self\"><img decoding=\"async\" width=\"1205\" height=\"903\" src=\"https:\/\/www.zencas.ca\/wp-content\/uploads\/2023\/10\/zencas-candiac-1.jpg\" class=\"attachment-full size-full\" alt=\"\" srcset=\"https:\/\/www.zencas.ca\/wp-content\/uploads\/2023\/10\/zencas-candiac-1-200x150.jpg 200w, https:\/\/www.zencas.ca\/wp-content\/uploads\/2023\/10\/zencas-candiac-1-400x300.jpg 400w, https:\/\/www.zencas.ca\/wp-content\/uploads\/2023\/10\/zencas-candiac-1-600x450.jpg 600w, https:\/\/www.zencas.ca\/wp-content\/uploads\/2023\/10\/zencas-candiac-1-800x600.jpg 800w, https:\/\/www.zencas.ca\/wp-content\/uploads\/2023\/10\/zencas-candiac-1-1200x899.jpg 1200w, https:\/\/www.zencas.ca\/wp-content\/uploads\/2023\/10\/zencas-candiac-1.jpg 1205w\" sizes=\"(min-width: 2200px) 100vw, (min-width: 794px) 391px, (min-width: 717px) 587px, (min-width: 640px) 717px, \" \/><\/a><\/div><div class=\"awb-imageframe-caption-container\"><div class=\"awb-imageframe-caption\"><h2 class=\"awb-imageframe-caption-title\">Candiac<\/h2><\/div><\/div><\/div><\/div><div class=\"swiper-slide\"><div class=\"fusion-carousel-item-wrapper\"><div class=\"fusion-image-wrapper hover-type-zoomin\"><a data-rel=\"iLightbox[image_carousel_1]\" data-title=\"Greenfield Park 2\" aria-label=\"Greenfield Park 2\" href=\"https:\/\/www.zencas.ca\/wp-content\/uploads\/2026\/03\/Greenfield-Park-2.jpeg\" target=\"_self\"><img decoding=\"async\" width=\"2048\" height=\"1536\" src=\"https:\/\/www.zencas.ca\/wp-content\/uploads\/2026\/03\/Greenfield-Park-2.jpeg\" class=\"attachment-full size-full\" alt=\"\" srcset=\"https:\/\/www.zencas.ca\/wp-content\/uploads\/2026\/03\/Greenfield-Park-2-200x150.jpeg 200w, https:\/\/www.zencas.ca\/wp-content\/uploads\/2026\/03\/Greenfield-Park-2-400x300.jpeg 400w, https:\/\/www.zencas.ca\/wp-content\/uploads\/2026\/03\/Greenfield-Park-2-600x450.jpeg 600w, https:\/\/www.zencas.ca\/wp-content\/uploads\/2026\/03\/Greenfield-Park-2-800x600.jpeg 800w, https:\/\/www.zencas.ca\/wp-content\/uploads\/2026\/03\/Greenfield-Park-2-1200x900.jpeg 1200w, https:\/\/www.zencas.ca\/wp-content\/uploads\/2026\/03\/Greenfield-Park-2.jpeg 2048w\" sizes=\"(min-width: 2200px) 100vw, (min-width: 794px) 391px, (min-width: 717px) 587px, (min-width: 640px) 717px, \" \/><\/a><\/div><div class=\"awb-imageframe-caption-container\"><div class=\"awb-imageframe-caption\"><h2 class=\"awb-imageframe-caption-title\">Greenfield Park<\/h2><\/div><\/div><\/div><\/div><div class=\"swiper-slide\"><div class=\"fusion-carousel-item-wrapper\"><div class=\"fusion-image-wrapper hover-type-zoomin\"><a data-rel=\"iLightbox[image_carousel_1]\" data-title=\"zencas-longueuil-2\" aria-label=\"zencas-longueuil-2\" href=\"https:\/\/www.zencas.ca\/wp-content\/uploads\/2023\/10\/zencas-longueuil-2.jpg\" target=\"_self\"><img decoding=\"async\" width=\"828\" height=\"525\" src=\"https:\/\/www.zencas.ca\/wp-content\/uploads\/2023\/10\/zencas-longueuil-2.jpg\" class=\"attachment-full size-full\" alt=\"Vue int\u00e9rieure de la succursale Zencas de Longueuil\" srcset=\"https:\/\/www.zencas.ca\/wp-content\/uploads\/2023\/10\/zencas-longueuil-2-200x127.jpg 200w, https:\/\/www.zencas.ca\/wp-content\/uploads\/2023\/10\/zencas-longueuil-2-400x254.jpg 400w, https:\/\/www.zencas.ca\/wp-content\/uploads\/2023\/10\/zencas-longueuil-2-600x380.jpg 600w, https:\/\/www.zencas.ca\/wp-content\/uploads\/2023\/10\/zencas-longueuil-2-800x507.jpg 800w, https:\/\/www.zencas.ca\/wp-content\/uploads\/2023\/10\/zencas-longueuil-2.jpg 828w\" sizes=\"(min-width: 2200px) 100vw, (min-width: 794px) 391px, (min-width: 717px) 587px, (min-width: 640px) 717px, \" \/><\/a><\/div><div class=\"awb-imageframe-caption-container\"><div class=\"awb-imageframe-caption\"><h2 class=\"awb-imageframe-caption-title\">Longueuil<\/h2><\/div><\/div><\/div><\/div><div class=\"swiper-slide\"><div class=\"fusion-carousel-item-wrapper\"><div class=\"fusion-image-wrapper hover-type-zoomin\"><a data-rel=\"iLightbox[image_carousel_1]\" data-title=\"zencas-candiac-3\" aria-label=\"zencas-candiac-3\" href=\"https:\/\/www.zencas.ca\/wp-content\/uploads\/2023\/10\/zencas-candiac-3.jpg\" target=\"_self\"><img decoding=\"async\" width=\"1289\" height=\"1502\" src=\"https:\/\/www.zencas.ca\/wp-content\/uploads\/2023\/10\/zencas-candiac-3.jpg\" class=\"attachment-full size-full\" alt=\"\" srcset=\"https:\/\/www.zencas.ca\/wp-content\/uploads\/2023\/10\/zencas-candiac-3-200x233.jpg 200w, https:\/\/www.zencas.ca\/wp-content\/uploads\/2023\/10\/zencas-candiac-3-400x466.jpg 400w, https:\/\/www.zencas.ca\/wp-content\/uploads\/2023\/10\/zencas-candiac-3-600x699.jpg 600w, https:\/\/www.zencas.ca\/wp-content\/uploads\/2023\/10\/zencas-candiac-3-800x932.jpg 800w, https:\/\/www.zencas.ca\/wp-content\/uploads\/2023\/10\/zencas-candiac-3-1200x1398.jpg 1200w, https:\/\/www.zencas.ca\/wp-content\/uploads\/2023\/10\/zencas-candiac-3.jpg 1289w\" sizes=\"(min-width: 2200px) 100vw, (min-width: 794px) 391px, (min-width: 717px) 587px, (min-width: 640px) 717px, \" \/><\/a><\/div><div class=\"awb-imageframe-caption-container\"><div class=\"awb-imageframe-caption\"><h2 class=\"awb-imageframe-caption-title\">Candiac<\/h2><\/div><\/div><\/div><\/div><\/div><div class=\"awb-swiper-button awb-swiper-button-prev\"><i class=\"awb-icon-angle-left\" aria-hidden=\"true\"><\/i><\/div><div class=\"awb-swiper-button awb-swiper-button-next\"><i class=\"awb-icon-angle-right\" aria-hidden=\"true\"><\/i><\/div><\/div><\/div><\/div><\/div><\/div><\/div>\n","protected":false},"excerpt":{"rendered":"","protected":false},"author":3,"featured_media":0,"parent":0,"menu_order":0,"comment_status":"closed","ping_status":"closed","template":"100-width.php","meta":{"_acf_changed":false,"footnotes":""},"class_list":["post-3277","page","type-page","status-publish","hentry"],"acf":[],"yoast_head":"<!-- This site is optimized with the Yoast SEO plugin v27.4 - https:\/\/yoast.com\/product\/yoast-seo-wordpress\/ -->\n<title>Virtual Tour - Zencas<\/title>\n<meta name=\"description\" content=\"Visit virtually the Candiac Zencas branch! Located in the premises of La Pause Yoga Chaud on the south shore of Montreal.\" \/>\n<meta name=\"robots\" content=\"index, follow, max-snippet:-1, max-image-preview:large, max-video-preview:-1\" \/>\n<link rel=\"canonical\" href=\"https:\/\/www.zencas.ca\/en\/virtual-tour\/\" \/>\n<meta property=\"og:locale\" content=\"en_US\" \/>\n<meta property=\"og:type\" content=\"article\" \/>\n<meta property=\"og:title\" content=\"Virtual Tour - Zencas\" \/>\n<meta property=\"og:description\" content=\"Visit virtually the Candiac Zencas branch! Located in the premises of La Pause Yoga Chaud on the south shore of Montreal.\" \/>\n<meta property=\"og:url\" content=\"https:\/\/www.zencas.ca\/en\/virtual-tour\/\" \/>\n<meta property=\"og:site_name\" content=\"Zencas\" \/>\n<meta property=\"article:publisher\" content=\"https:\/\/www.facebook.com\/Zencas\/\" \/>\n<meta property=\"article:modified_time\" content=\"2026-03-25T20:31:59+00:00\" \/>\n<meta name=\"twitter:card\" content=\"summary_large_image\" \/>\n<meta name=\"twitter:label1\" content=\"Est. reading time\" \/>\n\t<meta name=\"twitter:data1\" content=\"7 minutes\" \/>\n<script type=\"application\/ld+json\" class=\"yoast-schema-graph\">{\"@context\":\"https:\\\/\\\/schema.org\",\"@graph\":[{\"@type\":\"WebPage\",\"@id\":\"https:\\\/\\\/www.zencas.ca\\\/en\\\/virtual-tour\\\/\",\"url\":\"https:\\\/\\\/www.zencas.ca\\\/en\\\/virtual-tour\\\/\",\"name\":\"Virtual Tour - Zencas\",\"isPartOf\":{\"@id\":\"https:\\\/\\\/www.zencas.ca\\\/en\\\/#website\"},\"datePublished\":\"2017-02-19T06:13:53+00:00\",\"dateModified\":\"2026-03-25T20:31:59+00:00\",\"description\":\"Visit virtually the Candiac Zencas branch! Located in the premises of La Pause Yoga Chaud on the south shore of Montreal.\",\"breadcrumb\":{\"@id\":\"https:\\\/\\\/www.zencas.ca\\\/en\\\/virtual-tour\\\/#breadcrumb\"},\"inLanguage\":\"en-US\",\"potentialAction\":[{\"@type\":\"ReadAction\",\"target\":[\"https:\\\/\\\/www.zencas.ca\\\/en\\\/virtual-tour\\\/\"]}]},{\"@type\":\"BreadcrumbList\",\"@id\":\"https:\\\/\\\/www.zencas.ca\\\/en\\\/virtual-tour\\\/#breadcrumb\",\"itemListElement\":[{\"@type\":\"ListItem\",\"position\":1,\"name\":\"Accueil\",\"item\":\"https:\\\/\\\/www.zencas.ca\\\/en\\\/home\\\/\"},{\"@type\":\"ListItem\",\"position\":2,\"name\":\"Virtual Tour\"}]},{\"@type\":\"WebSite\",\"@id\":\"https:\\\/\\\/www.zencas.ca\\\/en\\\/#website\",\"url\":\"https:\\\/\\\/www.zencas.ca\\\/en\\\/\",\"name\":\"Zencas\",\"description\":\"Zencas Massoth\u00e9rapie et Kin\u00e9sith\u00e9rapie \u00e0 Candiac, Delson, Saint-Constant, Sainte-Catherine, La Prairie\",\"publisher\":{\"@id\":\"https:\\\/\\\/www.zencas.ca\\\/en\\\/#organization\"},\"potentialAction\":[{\"@type\":\"SearchAction\",\"target\":{\"@type\":\"EntryPoint\",\"urlTemplate\":\"https:\\\/\\\/www.zencas.ca\\\/en\\\/?s={search_term_string}\"},\"query-input\":{\"@type\":\"PropertyValueSpecification\",\"valueRequired\":true,\"valueName\":\"search_term_string\"}}],\"inLanguage\":\"en-US\"},{\"@type\":\"Organization\",\"@id\":\"https:\\\/\\\/www.zencas.ca\\\/en\\\/#organization\",\"name\":\"Zencas - Massoth\u00e9rapie et Kin\u00e9sith\u00e9rapie\",\"url\":\"https:\\\/\\\/www.zencas.ca\\\/en\\\/\",\"logo\":{\"@type\":\"ImageObject\",\"inLanguage\":\"en-US\",\"@id\":\"https:\\\/\\\/www.zencas.ca\\\/en\\\/#\\\/schema\\\/logo\\\/image\\\/\",\"url\":\"https:\\\/\\\/www.zencas.ca\\\/wp-content\\\/uploads\\\/2017\\\/02\\\/Logotype-Zencas.png\",\"contentUrl\":\"https:\\\/\\\/www.zencas.ca\\\/wp-content\\\/uploads\\\/2017\\\/02\\\/Logotype-Zencas.png\",\"width\":280,\"height\":118,\"caption\":\"Zencas - Massoth\u00e9rapie et Kin\u00e9sith\u00e9rapie\"},\"image\":{\"@id\":\"https:\\\/\\\/www.zencas.ca\\\/en\\\/#\\\/schema\\\/logo\\\/image\\\/\"},\"sameAs\":[\"https:\\\/\\\/www.facebook.com\\\/Zencas\\\/\"]}]}<\/script>\n<!-- \/ Yoast SEO plugin. -->","yoast_head_json":{"title":"Virtual Tour - Zencas","description":"Visit virtually the Candiac Zencas branch! Located in the premises of La Pause Yoga Chaud on the south shore of Montreal.","robots":{"index":"index","follow":"follow","max-snippet":"max-snippet:-1","max-image-preview":"max-image-preview:large","max-video-preview":"max-video-preview:-1"},"canonical":"https:\/\/www.zencas.ca\/en\/virtual-tour\/","og_locale":"en_US","og_type":"article","og_title":"Virtual Tour - Zencas","og_description":"Visit virtually the Candiac Zencas branch! Located in the premises of La Pause Yoga Chaud on the south shore of Montreal.","og_url":"https:\/\/www.zencas.ca\/en\/virtual-tour\/","og_site_name":"Zencas","article_publisher":"https:\/\/www.facebook.com\/Zencas\/","article_modified_time":"2026-03-25T20:31:59+00:00","twitter_card":"summary_large_image","twitter_misc":{"Est. reading time":"7 minutes"},"schema":{"@context":"https:\/\/schema.org","@graph":[{"@type":"WebPage","@id":"https:\/\/www.zencas.ca\/en\/virtual-tour\/","url":"https:\/\/www.zencas.ca\/en\/virtual-tour\/","name":"Virtual Tour - Zencas","isPartOf":{"@id":"https:\/\/www.zencas.ca\/en\/#website"},"datePublished":"2017-02-19T06:13:53+00:00","dateModified":"2026-03-25T20:31:59+00:00","description":"Visit virtually the Candiac Zencas branch! Located in the premises of La Pause Yoga Chaud on the south shore of Montreal.","breadcrumb":{"@id":"https:\/\/www.zencas.ca\/en\/virtual-tour\/#breadcrumb"},"inLanguage":"en-US","potentialAction":[{"@type":"ReadAction","target":["https:\/\/www.zencas.ca\/en\/virtual-tour\/"]}]},{"@type":"BreadcrumbList","@id":"https:\/\/www.zencas.ca\/en\/virtual-tour\/#breadcrumb","itemListElement":[{"@type":"ListItem","position":1,"name":"Accueil","item":"https:\/\/www.zencas.ca\/en\/home\/"},{"@type":"ListItem","position":2,"name":"Virtual Tour"}]},{"@type":"WebSite","@id":"https:\/\/www.zencas.ca\/en\/#website","url":"https:\/\/www.zencas.ca\/en\/","name":"Zencas","description":"Zencas Massoth\u00e9rapie et Kin\u00e9sith\u00e9rapie \u00e0 Candiac, Delson, Saint-Constant, Sainte-Catherine, La Prairie","publisher":{"@id":"https:\/\/www.zencas.ca\/en\/#organization"},"potentialAction":[{"@type":"SearchAction","target":{"@type":"EntryPoint","urlTemplate":"https:\/\/www.zencas.ca\/en\/?s={search_term_string}"},"query-input":{"@type":"PropertyValueSpecification","valueRequired":true,"valueName":"search_term_string"}}],"inLanguage":"en-US"},{"@type":"Organization","@id":"https:\/\/www.zencas.ca\/en\/#organization","name":"Zencas - Massoth\u00e9rapie et Kin\u00e9sith\u00e9rapie","url":"https:\/\/www.zencas.ca\/en\/","logo":{"@type":"ImageObject","inLanguage":"en-US","@id":"https:\/\/www.zencas.ca\/en\/#\/schema\/logo\/image\/","url":"https:\/\/www.zencas.ca\/wp-content\/uploads\/2017\/02\/Logotype-Zencas.png","contentUrl":"https:\/\/www.zencas.ca\/wp-content\/uploads\/2017\/02\/Logotype-Zencas.png","width":280,"height":118,"caption":"Zencas - Massoth\u00e9rapie et Kin\u00e9sith\u00e9rapie"},"image":{"@id":"https:\/\/www.zencas.ca\/en\/#\/schema\/logo\/image\/"},"sameAs":["https:\/\/www.facebook.com\/Zencas\/"]}]}},"_links":{"self":[{"href":"https:\/\/www.zencas.ca\/en\/wp-json\/wp\/v2\/pages\/3277","targetHints":{"allow":["GET"]}}],"collection":[{"href":"https:\/\/www.zencas.ca\/en\/wp-json\/wp\/v2\/pages"}],"about":[{"href":"https:\/\/www.zencas.ca\/en\/wp-json\/wp\/v2\/types\/page"}],"author":[{"embeddable":true,"href":"https:\/\/www.zencas.ca\/en\/wp-json\/wp\/v2\/users\/3"}],"replies":[{"embeddable":true,"href":"https:\/\/www.zencas.ca\/en\/wp-json\/wp\/v2\/comments?post=3277"}],"version-history":[{"count":6,"href":"https:\/\/www.zencas.ca\/en\/wp-json\/wp\/v2\/pages\/3277\/revisions"}],"predecessor-version":[{"id":4806,"href":"https:\/\/www.zencas.ca\/en\/wp-json\/wp\/v2\/pages\/3277\/revisions\/4806"}],"wp:attachment":[{"href":"https:\/\/www.zencas.ca\/en\/wp-json\/wp\/v2\/media?parent=3277"}],"curies":[{"name":"wp","href":"https:\/\/api.w.org\/{rel}","templated":true}]}}